{"id":506,"date":"2022-11-17T18:08:13","date_gmt":"2022-11-17T17:08:13","guid":{"rendered":"http:\/\/bronikowo.home.pl\/autoinstalator\/wordpress\/?page_id=506"},"modified":"2022-11-17T18:08:14","modified_gmt":"2022-11-17T17:08:14","slug":"patron-hymn-szkoly","status":"publish","type":"page","link":"https:\/\/bronikowo.pl\/index.php\/patron-hymn-szkoly\/","title":{"rendered":"Patron, hymn szko\u0142y"},"content":{"rendered":"\n<p>Stefan Rysmann urodzi\u0142 si\u0119 31 lipca 1908&nbsp; roku&nbsp; w&nbsp; Kie\u0142pinach ko\u0142o Wolsztyna.&nbsp; By\u0142&nbsp; trzecim z siedmioroga dzieci Franciszka i Jadwigi Rysmann. Ucz\u0119szcza\u0142 do Szko\u0142y Podstawowej, a nast\u0119pnie do Pa\u0144stwowego Seminarium Nauczycielskiego&nbsp;w&nbsp;Wolsztynie. Po zako\u0144czeniu edukacji zosta\u0142 powo\u0142any do&nbsp; szko\u0142y oficerskiej w Zambrowie.&nbsp;Po jej&nbsp;uko\u0144czeniu&nbsp;zosta\u0142 oficerem 55 Pu\u0142ku Piechoty w Lesznie. Otrzyma\u0142 posad\u0119 nauczyciela w Boguszynie ko\u0142o Bronikowa. W 1933 roku zawar\u0142 zwi\u0105zek ma\u0142\u017ce\u0144ski, a rok p\u00f3\u017aniej, zosta\u0142 kierownikiem szko\u0142y w Bronikowie. W pa\u017adzierniku 1934 roku na \u015bwiat przysz\u0142a pierwsza jego c\u00f3rka&nbsp; \u2013 Maria. Praca w&nbsp; szkole&nbsp; by\u0142a&nbsp; dla&nbsp; Stefana&nbsp; Rysmanna prawdziw\u0105 pasj\u0105. Da\u0142 si\u0119 pozna\u0107 jako wspania\u0142y kierownik,&nbsp; nauczyciel .i organizator \u017cycia spo\u0142ecznego. Poza prac\u0105 w szkole pa\u0144stwo Rysmannowie organizowali dla m\u0142odzie\u017cy&nbsp; kursy&nbsp; haftowania i&nbsp;&nbsp; gotowania&nbsp; dla M\u0142odych Polek oraz kursy introligatorskie &nbsp;i&nbsp; stolarskie&nbsp; dla&nbsp; ch\u0142opc\u00f3w. &nbsp;W&nbsp; styczniu&nbsp; 1938&nbsp; r.&nbsp; urodzi\u0142a&nbsp; si\u0119&nbsp; druga&nbsp; ich&nbsp; c\u00f3rka&nbsp; \u2013 Aleksandra. Gdy we wrze\u015bniu 1939 roku wybuch\u0142a&nbsp; wojna, Stefan Rysmann powo\u0142any zosta\u0142 w szeregi 55 Pu\u0142ku Piechoty i oddelegowany do Kutna. Po kl\u0119sce kampanii wrze\u015bniowej znalaz\u0142&nbsp; si\u0119&nbsp; w niewoli sowieckiej w&nbsp; obozie&nbsp; w&nbsp; Starobielsku. Zgin\u0105\u0142 wraz z tysi\u0105cami polskich oficer\u00f3w na wiosn\u0119 1940 roku w Charkowie z r\u0105k sowieckich oprawc\u00f3w. Dnia 2 czerwca 2011 roku Zesp\u00f3\u0142 Szk\u00f3\u0142 w Bronikowie przyj\u0105\u0142 Stefana Rysmanna za swojego patrona. Otrzymali\u015bmy pi\u0119kny sztandar a przy wej\u015bciu do szko\u0142y mo\u017cna podziwia\u0107 p\u0142askorze\u017ab\u0119 naszego patrona wykonan\u0105 przez, pochodz\u0105cego z Bronikowa artyst\u0119 plastyka Dominika Samola,. Szko\u0142a ma \u015bcis\u0142y kontakt z c\u00f3rkami Stefana Rysmanna, dzi\u0119ki kt\u00f3rym otrzymali\u015bmy wiele cennych dokument\u00f3w i zdj\u0119\u0107 naszego patrona. Bardzo cenne wychowawczo s\u0105 te\u017c ich spotkania z m\u0142odzie\u017c\u0105 naszej szko\u0142y, kt\u00f3re odbywamy w ramach cyklu \u201eSzkolne spotkania z histori\u0105\u201d.<\/p>\n\n\n\n<figure class=\"wp-block-image\"><a href=\"http:\/\/bronikowo.pl\/images\/zdj_menu\/patron\/2.jpg\" target=\"_blank\" rel=\"noreferrer noopener\"><img decoding=\"async\" src=\"http:\/\/bronikowo.pl\/images\/thumbnails\/images\/zdj_menu\/patron\/2-200x200.jpg\" alt=\"\"\/><\/a><\/figure>\n\n\n\n<figure class=\"wp-block-image\"><a href=\"http:\/\/bronikowo.pl\/images\/zdj_menu\/patron\/3.png\" target=\"_blank\" rel=\"noreferrer noopener\"><img decoding=\"async\" src=\"http:\/\/bronikowo.pl\/images\/thumbnails\/images\/zdj_menu\/patron\/3-93x200.png\" alt=\"\"\/><\/a><\/figure>\n\n\n\n<p><strong>HYMN SZKO\u0141Y<\/strong><\/p>\n\n\n\n<p>s\u0142owa: Paulina Jurga, Piotr Filipowicz, muzyka: Piotr Filipowicz&nbsp;<\/p>\n\n\n\n<figure class=\"wp-block-table\"><table><tbody><tr><td>1.&nbsp;Na naszej wielkopolskiej ziemiW niewielkiej wiosce BronikowoW rannym s\u0142o\u0144cu dw\u00f3r si\u0119 mieniTu historia dzieje si\u0119 na nowoA w tym dworku nasza szko\u0142aDo niej co dzie\u0144 pod\u0105\u017camyPr\u0105d nauki nas porywaNa nim w \u017cycie wyp\u0142ywamy&nbsp;Dooko\u0142a stare drzewaPami\u0119taj\u0105 dziad\u00f3w losySzumem koj\u0105 nasze duszeWspominaj\u0105c dawne czasy<\/td><td>2.&nbsp;A nasz patron &#8211; Stefan RysmannTo porucznik &#8211; patriotaOn przed wojn\u0105 uczy\u0142 dzieciJak Ojczyzn\u0119 swoj\u0105 kocha\u0107Za t\u0119 Polsk\u0119 odda\u0142 \u017cycieZ tysi\u0105cami oficer\u00f3wLas charkowski jego grobemW gronie wielkich bohater\u00f3w&nbsp;I my dzisiaj Jego \u015blademMaj\u0105c Polsk\u0119 w serca g\u0142\u0119biChcemy uczy\u0107 si\u0119, rozwija\u0107I mi\u0142o\u015bci\u0105 z\u0142o zwyci\u0119\u017cy\u0107<\/td><\/tr><\/tbody><\/table><\/figure>\n","protected":false},"excerpt":{"rendered":"<p>Stefan Rysmann urodzi\u0142 si\u0119 31 lipca 1908&nbsp; roku&nbsp; w&nbsp; Kie\u0142pinach ko\u0142o Wolsztyna.&nbsp; By\u0142&nbsp; trzecim z siedmioroga dzieci Franciszka i Jadwigi Rysmann. Ucz\u0119szcza\u0142 do Szko\u0142y Podstawowej, a nast\u0119pnie do Pa\u0144stwowego Seminarium Nauczycielskiego&nbsp;w&nbsp;Wolsztynie. Po zako\u0144czeniu edukacji zosta\u0142 powo\u0142any do&nbsp; szko\u0142y oficerskiej w Zambrowie.&nbsp;Po jej&nbsp;uko\u0144czeniu&nbsp;zosta\u0142 oficerem 55 Pu\u0142ku Piechoty w Lesznie. Otrzyma\u0142 posad\u0119 nauczyciela w Boguszynie ko\u0142o Bronikowa. [&hellip;]<\/p>\n","protected":false},"author":1,"featured_media":0,"parent":0,"menu_order":0,"comment_status":"closed","ping_status":"closed","template":"","meta":[],"_links":{"self":[{"href":"https:\/\/bronikowo.pl\/index.php\/wp-json\/wp\/v2\/pages\/506"}],"collection":[{"href":"https:\/\/bronikowo.pl\/index.php\/wp-json\/wp\/v2\/pages"}],"about":[{"href":"https:\/\/bronikowo.pl\/index.php\/wp-json\/wp\/v2\/types\/page"}],"author":[{"embeddable":true,"href":"https:\/\/bronikowo.pl\/index.php\/wp-json\/wp\/v2\/users\/1"}],"replies":[{"embeddable":true,"href":"https:\/\/bronikowo.pl\/index.php\/wp-json\/wp\/v2\/comments?post=506"}],"version-history":[{"count":1,"href":"https:\/\/bronikowo.pl\/index.php\/wp-json\/wp\/v2\/pages\/506\/revisions"}],"predecessor-version":[{"id":507,"href":"https:\/\/bronikowo.pl\/index.php\/wp-json\/wp\/v2\/pages\/506\/revisions\/507"}],"wp:attachment":[{"href":"https:\/\/bronikowo.pl\/index.php\/wp-json\/wp\/v2\/media?parent=506"}],"curies":[{"name":"wp","href":"https:\/\/api.w.org\/{rel}","templated":true}]}}